{"id":2388,"date":"2025-06-19T08:49:34","date_gmt":"2025-06-19T08:49:34","guid":{"rendered":"https:\/\/www.mtavietnam.com\/about-us\/"},"modified":"2025-10-07T04:37:24","modified_gmt":"2025-10-07T04:37:24","slug":"ve-chung-toi","status":"publish","type":"page","link":"https:\/\/www.mtahanoi.com\/vi\/ve-chung-toi\/","title":{"rendered":"V\u1ec1 ch\u00fang t\u00f4i"},"content":{"rendered":"\t\t<div data-elementor-type=\"wp-page\" data-elementor-id=\"2388\" class=\"elementor elementor-2388 elementor-120\" data-elementor-post-type=\"page\">\n\t\t\t\t<div data-particle_enable=\"false\" data-particle-mobile-disabled=\"false\" class=\"elementor-element elementor-element-f181c6d e-flex e-con-boxed e-con e-parent\" data-id=\"f181c6d\" data-element_type=\"container\" data-e-type=\"container\" data-settings=\"{&quot;background_background&quot;:&quot;classic&quot;}\">\n\t\t\t\t\t<div class=\"e-con-inner\">\n\t\t\t\t<div class=\"elementor-element elementor-element-e755580 elementor-widget elementor-widget-eael-breadcrumbs\" data-id=\"e755580\" data-element_type=\"widget\" data-e-type=\"widget\" data-widget_type=\"eael-breadcrumbs.default\">\n\t\t\t\t<div class=\"elementor-widget-container\">\n\t\t\t\t\t\t\t<div class=\"eael-breadcrumbs\">\n\t\t\t<div class=\"eael-breadcrumbs__content\"><a href=\"https:\/\/www.mtahanoi.com\/vi\/\">Home<\/a> <span class=\"eael-breadcrumb-separator\"><svg aria-hidden=\"true\" class=\"e-font-icon-svg e-fas-angle-double-right\" viewBox=\"0 0 448 512\" xmlns=\"http:\/\/www.w3.org\/2000\/svg\"><path d=\"M224.3 273l-136 136c-9.4 9.4-24.6 9.4-33.9 0l-22.6-22.6c-9.4-9.4-9.4-24.6 0-33.9l96.4-96.4-96.4-96.4c-9.4-9.4-9.4-24.6 0-33.9L54.3 103c9.4-9.4 24.6-9.4 33.9 0l136 136c9.5 9.4 9.5 24.6.1 34zm192-34l-136-136c-9.4-9.4-24.6-9.4-33.9 0l-22.6 22.6c-9.4 9.4-9.4 24.6 0 33.9l96.4 96.4-96.4 96.4c-9.4 9.4-9.4 24.6 0 33.9l22.6 22.6c9.4 9.4 24.6 9.4 33.9 0l136-136c9.4-9.2 9.4-24.4 0-33.8z\"><\/path><\/svg><\/span> <span class = \"eael-current\">Page<\/span><\/div>\t\t<\/div>\n\t\t\t\t\t\t<\/div>\n\t\t\t\t<\/div>\n\t\t\t\t\t<\/div>\n\t\t\t\t<\/div>\n\t\t<div data-particle_enable=\"false\" data-particle-mobile-disabled=\"false\" class=\"elementor-element elementor-element-3ad3e1b3 e-flex e-con-boxed e-con e-child\" data-id=\"3ad3e1b3\" data-element_type=\"container\" data-e-type=\"container\">\n\t\t\t\t\t<div class=\"e-con-inner\">\n\t\t\t\t<div class=\"elementor-element elementor-element-1a9be9af elementor-widget elementor-widget-n-accordion\" data-id=\"1a9be9af\" data-element_type=\"widget\" data-e-type=\"widget\" data-settings=\"{&quot;default_state&quot;:&quot;all_collapsed&quot;,&quot;max_items_expended&quot;:&quot;one&quot;,&quot;n_accordion_animation_duration&quot;:{&quot;unit&quot;:&quot;ms&quot;,&quot;size&quot;:400,&quot;sizes&quot;:[]}}\" data-widget_type=\"nested-accordion.default\">\n\t\t\t\t<div class=\"elementor-widget-container\">\n\t\t\t\t\t\t\t<div class=\"e-n-accordion\" aria-label=\"Accordion. Open links with Enter or Space, close with Escape, and navigate with Arrow Keys\">\n\t\t\t\t\t\t<details id=\"e-n-accordion-item-4460\" class=\"e-n-accordion-item\" >\n\t\t\t\t<summary class=\"e-n-accordion-item-title\" data-accordion-index=\"1\" tabindex=\"0\" aria-expanded=\"false\" aria-controls=\"e-n-accordion-item-4460\" >\n\t\t\t\t\t<span class='e-n-accordion-item-title-header'><div class=\"e-n-accordion-item-title-text\"> V\u1ec0 TRI\u1ec2N L\u00c3M N\u0102M NAY <\/div><\/span>\n\t\t\t\t\t\t\t<span class='e-n-accordion-item-title-icon'>\n\t\t\t<span class='e-opened' ><svg aria-hidden=\"true\" class=\"e-font-icon-svg e-fas-chevron-up\" viewBox=\"0 0 448 512\" xmlns=\"http:\/\/www.w3.org\/2000\/svg\"><path d=\"M240.971 130.524l194.343 194.343c9.373 9.373 9.373 24.569 0 33.941l-22.667 22.667c-9.357 9.357-24.522 9.375-33.901.04L224 227.495 69.255 381.516c-9.379 9.335-24.544 9.317-33.901-.04l-22.667-22.667c-9.373-9.373-9.373-24.569 0-33.941L207.03 130.525c9.372-9.373 24.568-9.373 33.941-.001z\"><\/path><\/svg><\/span>\n\t\t\t<span class='e-closed'><svg aria-hidden=\"true\" class=\"e-font-icon-svg e-fas-chevron-down\" viewBox=\"0 0 448 512\" xmlns=\"http:\/\/www.w3.org\/2000\/svg\"><path d=\"M207.029 381.476L12.686 187.132c-9.373-9.373-9.373-24.569 0-33.941l22.667-22.667c9.357-9.357 24.522-9.375 33.901-.04L224 284.505l154.745-154.021c9.379-9.335 24.544-9.317 33.901.04l22.667 22.667c9.373 9.373 9.373 24.569 0 33.941L240.971 381.476c-9.373 9.372-24.569 9.372-33.942 0z\"><\/path><\/svg><\/span>\n\t\t<\/span>\n\n\t\t\t\t\t\t<\/summary>\n\t\t\t\t<div data-particle_enable=\"false\" data-particle-mobile-disabled=\"false\" role=\"region\" aria-labelledby=\"e-n-accordion-item-4460\" class=\"elementor-element elementor-element-2281b002 e-con-full e-flex e-con e-child\" data-id=\"2281b002\" data-element_type=\"container\" data-e-type=\"container\">\n\t\t<div data-particle_enable=\"false\" data-particle-mobile-disabled=\"false\" role=\"region\" aria-labelledby=\"e-n-accordion-item-4460\" class=\"elementor-element elementor-element-19e16b7e e-con-full e-flex e-con e-child\" data-id=\"19e16b7e\" data-element_type=\"container\" data-e-type=\"container\">\n\t\t\t\t<div class=\"elementor-element elementor-element-766e9eb8 mb-0 elementor-widget elementor-widget-text-editor\" data-id=\"766e9eb8\" data-element_type=\"widget\" data-e-type=\"widget\" data-widget_type=\"text-editor.default\">\n\t\t\t\t<div class=\"elementor-widget-container\">\n\t\t\t\t\t\t\t\t\t<p data-start=\"840\" data-end=\"1350\"><img decoding=\"async\" class=\"aligncenter wp-image-2920 size-thumbnail\" src=\"https:\/\/www.mtahanoi.com\/wp-content\/uploads\/2025\/10\/cropped-MTAH26_Avatar-Remove-date-150x150.jpg\" alt=\"\" width=\"150\" height=\"150\" srcset=\"https:\/\/www.mtahanoi.com\/wp-content\/uploads\/2025\/10\/cropped-MTAH26_Avatar-Remove-date-150x150.jpg 150w, https:\/\/www.mtahanoi.com\/wp-content\/uploads\/2025\/10\/cropped-MTAH26_Avatar-Remove-date-300x300.jpg 300w, https:\/\/www.mtahanoi.com\/wp-content\/uploads\/2025\/10\/cropped-MTAH26_Avatar-Remove-date-270x270.jpg 270w, https:\/\/www.mtahanoi.com\/wp-content\/uploads\/2025\/10\/cropped-MTAH26_Avatar-Remove-date-192x192.jpg 192w, https:\/\/www.mtahanoi.com\/wp-content\/uploads\/2025\/10\/cropped-MTAH26_Avatar-Remove-date-180x180.jpg 180w, https:\/\/www.mtahanoi.com\/wp-content\/uploads\/2025\/10\/cropped-MTAH26_Avatar-Remove-date-32x32.jpg 32w, https:\/\/www.mtahanoi.com\/wp-content\/uploads\/2025\/10\/cropped-MTAH26_Avatar-Remove-date.jpg 512w\" sizes=\"(max-width: 150px) 100vw, 150px\" \/><\/p><p data-start=\"840\" data-end=\"1350\">\u0110\u01b0\u1ee3c c\u00f4ng nh\u1eadn l\u00e0 n\u1ec1n t\u1ea3ng h\u00e0ng \u0111\u1ea7u v\u1ec1 <strong data-start=\"879\" data-end=\"932\">c\u01a1 kh\u00ed ch\u00ednh x\u00e1c v\u00e0 s\u1ea3n xu\u1ea5t ch\u1ebf t\u1ea1o t\u1ea1i mi\u1ec1n B\u1eafc<\/strong>, <strong data-start=\"934\" data-end=\"947\">MTA Hanoi<\/strong> ti\u1ebfp t\u1ee5c kh\u1eb3ng \u0111\u1ecbnh vai tr\u00f2 l\u00e0 <strong data-start=\"979\" data-end=\"1008\">c\u1ea7u n\u1ed1i th\u01b0\u01a1ng m\u1ea1i uy t\u00edn<\/strong> gi\u1eefa c\u00e1c nh\u00e0 cung c\u1ea5p qu\u1ed1c t\u1ebf v\u00e0 c\u1ed9ng \u0111\u1ed3ng s\u1ea3n xu\u1ea5t trong n\u01b0\u1edbc.<br data-start=\"1072\" data-end=\"1075\" \/>Gi\u1eefa b\u1ed1i c\u1ea3nh ng\u00e0nh c\u00f4ng nghi\u1ec7p \u0111ang chuy\u1ec3n m\u00ecnh m\u1ea1nh m\u1ebd, tri\u1ec3n l\u00e3m l\u00e0 \u0111i\u1ec3m h\u1eb9n quan tr\u1ecdng gi\u00fap doanh nghi\u1ec7p <strong data-start=\"1184\" data-end=\"1263\">ti\u1ebfp c\u1eadn c\u00f4ng ngh\u1ec7 ti\u00ean ti\u1ebfn, k\u1ebft n\u1ed1i \u0111\u1ed1i t\u00e1c v\u00e0 m\u1edf r\u1ed9ng m\u1ea1ng l\u01b0\u1edbi s\u1ea3n xu\u1ea5t<\/strong> t\u1ea1i c\u00e1c khu c\u00f4ng nghi\u1ec7p tr\u1ecdng \u0111i\u1ec3m nh\u01b0 B\u1eafc Ninh, H\u1ea3i Ph\u00f2ng, Th\u00e1i Nguy\u00ean v\u00e0 H\u01b0ng Y\u00ean.<\/p><p data-start=\"1352\" data-end=\"1485\"><strong data-start=\"1355\" data-end=\"1389\">H\u1eb9n g\u1eb7p l\u1ea1i t\u1ea1i MTA Hanoi 2026<\/strong>, di\u1ec5n ra t\u1eeb <strong data-start=\"1402\" data-end=\"1431\">13 \u2013 15 th\u00e1ng 10 n\u0103m 2026<\/strong> t\u1ea1i <strong data-start=\"1436\" data-end=\"1482\">Trung t\u00e2m Tri\u1ec3n l\u00e3m Vi\u1ec7t Nam (VEC), H\u00e0 N\u1ed9i<\/strong>.<\/p>\t\t\t\t\t\t\t\t<\/div>\n\t\t\t\t<\/div>\n\t\t\t\t<\/div>\n\t\t\t\t<\/div>\n\t\t\t\t\t<\/details>\n\t\t\t\t\t\t<details id=\"e-n-accordion-item-4461\" class=\"e-n-accordion-item\" >\n\t\t\t\t<summary class=\"e-n-accordion-item-title\" data-accordion-index=\"2\" tabindex=\"-1\" aria-expanded=\"false\" aria-controls=\"e-n-accordion-item-4461\" >\n\t\t\t\t\t<span class='e-n-accordion-item-title-header'><div class=\"e-n-accordion-item-title-text\"> V\u1ec0 C\u00c2U CHUY\u1ec6N C\u1ee6A CH\u00daNG T\u00d4I <\/div><\/span>\n\t\t\t\t\t\t\t<span class='e-n-accordion-item-title-icon'>\n\t\t\t<span class='e-opened' ><svg aria-hidden=\"true\" class=\"e-font-icon-svg e-fas-chevron-up\" viewBox=\"0 0 448 512\" xmlns=\"http:\/\/www.w3.org\/2000\/svg\"><path d=\"M240.971 130.524l194.343 194.343c9.373 9.373 9.373 24.569 0 33.941l-22.667 22.667c-9.357 9.357-24.522 9.375-33.901.04L224 227.495 69.255 381.516c-9.379 9.335-24.544 9.317-33.901-.04l-22.667-22.667c-9.373-9.373-9.373-24.569 0-33.941L207.03 130.525c9.372-9.373 24.568-9.373 33.941-.001z\"><\/path><\/svg><\/span>\n\t\t\t<span class='e-closed'><svg aria-hidden=\"true\" class=\"e-font-icon-svg e-fas-chevron-down\" viewBox=\"0 0 448 512\" xmlns=\"http:\/\/www.w3.org\/2000\/svg\"><path d=\"M207.029 381.476L12.686 187.132c-9.373-9.373-9.373-24.569 0-33.941l22.667-22.667c9.357-9.357 24.522-9.375 33.901-.04L224 284.505l154.745-154.021c9.379-9.335 24.544-9.317 33.901.04l22.667 22.667c9.373 9.373 9.373 24.569 0 33.941L240.971 381.476c-9.373 9.372-24.569 9.372-33.942 0z\"><\/path><\/svg><\/span>\n\t\t<\/span>\n\n\t\t\t\t\t\t<\/summary>\n\t\t\t\t<div data-particle_enable=\"false\" data-particle-mobile-disabled=\"false\" role=\"region\" aria-labelledby=\"e-n-accordion-item-4461\" class=\"elementor-element elementor-element-303e65d1 e-con-full e-flex e-con e-child\" data-id=\"303e65d1\" data-element_type=\"container\" data-e-type=\"container\">\n\t\t<div data-particle_enable=\"false\" data-particle-mobile-disabled=\"false\" role=\"region\" aria-labelledby=\"e-n-accordion-item-4461\" class=\"elementor-element elementor-element-6221394f e-con-full e-flex e-con e-child\" data-id=\"6221394f\" data-element_type=\"container\" data-e-type=\"container\">\n\t\t\t\t<div class=\"elementor-element elementor-element-32eb5345 mb-0 elementor-widget elementor-widget-text-editor\" data-id=\"32eb5345\" data-element_type=\"widget\" data-e-type=\"widget\" data-widget_type=\"text-editor.default\">\n\t\t\t\t<div class=\"elementor-widget-container\">\n\t\t\t\t\t\t\t\t\t<p data-start=\"957\" data-end=\"1313\">K\u1ec3 t\u1eeb khi ra m\u1eaft t\u1ea1i H\u00e0 N\u1ed9i, <strong data-start=\"986\" data-end=\"999\">MTA Hanoi<\/strong> \u0111\u00e3 kh\u1eb3ng \u0111\u1ecbnh v\u1ecb th\u1ebf l\u00e0 <strong data-start=\"1024\" data-end=\"1105\">tri\u1ec3n l\u00e3m c\u01a1 kh\u00ed ch\u00ednh x\u00e1c v\u00e0 s\u1ea3n xu\u1ea5t ch\u1ebf t\u1ea1o c\u00f3 \u1ea3nh h\u01b0\u1edfng l\u1edbn nh\u1ea5t mi\u1ec1n B\u1eafc<\/strong>. L\u00e0 phi\u00ean b\u1ea3n khu v\u1ef1c c\u1ee7a chu\u1ed7i tri\u1ec3n l\u00e3m <strong data-start=\"1148\" data-end=\"1163\">MTA Vietnam<\/strong> danh ti\u1ebfng, s\u1ef1 ki\u1ec7n \u0111\u00f3ng vai tr\u00f2 <strong data-start=\"1197\" data-end=\"1219\">c\u1ea7u n\u1ed1i chi\u1ebfn l\u01b0\u1ee3c<\/strong> gi\u1eefa c\u00e1c nh\u00e0 s\u1ea3n xu\u1ea5t qu\u1ed1c t\u1ebf v\u00e0 m\u1ea1ng l\u01b0\u1edbi khu c\u00f4ng nghi\u1ec7p n\u0103ng \u0111\u1ed9ng t\u1ea1i mi\u1ec1n B\u1eafc Vi\u1ec7t Nam.<\/p><p data-start=\"1315\" data-end=\"1561\">Th\u00f4ng qua vi\u1ec7c tr\u01b0ng b\u00e0y c\u00e1c <strong data-start=\"1344\" data-end=\"1399\">thi\u1ebft b\u1ecb, c\u00f4ng ngh\u1ec7 v\u00e0 gi\u1ea3i ph\u00e1p s\u1ea3n xu\u1ea5t ti\u00ean ti\u1ebfn<\/strong>, MTA Hanoi kh\u00f4ng ng\u1eebng h\u1ed7 tr\u1ee3 doanh nghi\u1ec7p <strong data-start=\"1443\" data-end=\"1495\">n\u00e2ng cao n\u0103ng l\u1ef1c c\u00f4ng ngh\u1ec7 v\u00e0 hi\u1ec7u qu\u1ea3 v\u1eadn h\u00e0nh<\/strong>, g\u00f3p ph\u1ea7n th\u00fac \u0111\u1ea9y ti\u1ebfn tr\u00ecnh chuy\u1ec3n \u0111\u1ed5i c\u00f4ng nghi\u1ec7p to\u00e0n di\u1ec7n.<\/p>\t\t\t\t\t\t\t\t<\/div>\n\t\t\t\t<\/div>\n\t\t\t\t<\/div>\n\t\t\t\t<\/div>\n\t\t\t\t\t<\/details>\n\t\t\t\t\t\t<details id=\"e-n-accordion-item-4462\" class=\"e-n-accordion-item\" >\n\t\t\t\t<summary class=\"e-n-accordion-item-title\" data-accordion-index=\"3\" tabindex=\"-1\" aria-expanded=\"false\" aria-controls=\"e-n-accordion-item-4462\" >\n\t\t\t\t\t<span class='e-n-accordion-item-title-header'><div class=\"e-n-accordion-item-title-text\"> ABOUT INFORMA MARKETS VIETNAM <\/div><\/span>\n\t\t\t\t\t\t\t<span class='e-n-accordion-item-title-icon'>\n\t\t\t<span class='e-opened' ><svg aria-hidden=\"true\" class=\"e-font-icon-svg e-fas-chevron-up\" viewBox=\"0 0 448 512\" xmlns=\"http:\/\/www.w3.org\/2000\/svg\"><path d=\"M240.971 130.524l194.343 194.343c9.373 9.373 9.373 24.569 0 33.941l-22.667 22.667c-9.357 9.357-24.522 9.375-33.901.04L224 227.495 69.255 381.516c-9.379 9.335-24.544 9.317-33.901-.04l-22.667-22.667c-9.373-9.373-9.373-24.569 0-33.941L207.03 130.525c9.372-9.373 24.568-9.373 33.941-.001z\"><\/path><\/svg><\/span>\n\t\t\t<span class='e-closed'><svg aria-hidden=\"true\" class=\"e-font-icon-svg e-fas-chevron-down\" viewBox=\"0 0 448 512\" xmlns=\"http:\/\/www.w3.org\/2000\/svg\"><path d=\"M207.029 381.476L12.686 187.132c-9.373-9.373-9.373-24.569 0-33.941l22.667-22.667c9.357-9.357 24.522-9.375 33.901-.04L224 284.505l154.745-154.021c9.379-9.335 24.544-9.317 33.901.04l22.667 22.667c9.373 9.373 9.373 24.569 0 33.941L240.971 381.476c-9.373 9.372-24.569 9.372-33.942 0z\"><\/path><\/svg><\/span>\n\t\t<\/span>\n\n\t\t\t\t\t\t<\/summary>\n\t\t\t\t<div data-particle_enable=\"false\" data-particle-mobile-disabled=\"false\" role=\"region\" aria-labelledby=\"e-n-accordion-item-4462\" class=\"elementor-element elementor-element-10836b3 e-con-full e-flex e-con e-child\" data-id=\"10836b3\" data-element_type=\"container\" data-e-type=\"container\">\n\t\t<div data-particle_enable=\"false\" data-particle-mobile-disabled=\"false\" role=\"region\" aria-labelledby=\"e-n-accordion-item-4462\" class=\"elementor-element elementor-element-6812e0c4 e-con-full e-flex e-con e-child\" data-id=\"6812e0c4\" data-element_type=\"container\" data-e-type=\"container\">\n\t\t\t\t<div class=\"elementor-element elementor-element-5fcb7ef1 mb-0 elementor-widget elementor-widget-text-editor\" data-id=\"5fcb7ef1\" data-element_type=\"widget\" data-e-type=\"widget\" data-widget_type=\"text-editor.default\">\n\t\t\t\t<div class=\"elementor-widget-container\">\n\t\t\t\t\t\t\t\t\t<p data-start=\"121\" data-end=\"499\"><strong data-start=\"121\" data-end=\"153\">Informa Markets Vi\u1ec7t Nam<\/strong> cam k\u1ebft mang \u0111\u1ebfn nh\u1eefng <strong data-start=\"177\" data-end=\"209\">n\u1ec1n t\u1ea3ng th\u01b0\u01a1ng m\u1ea1i b\u1ec1n v\u1eefng<\/strong>, k\u1ebft n\u1ed1i ng\u01b0\u1eddi mua v\u00e0 ng\u01b0\u1eddi b\u00e1n tr\u00ean to\u00e0n c\u1ea7u. V\u1edbi s\u1ef1 h\u1ee3p t\u00e1c c\u00f9ng c\u00e1c chuy\u00ean gia trong ng\u00e0nh, ch\u00fang t\u00f4i n\u1ed7 l\u1ef1c x\u00e2y d\u1ef1ng danh m\u1ee5c s\u1ef1 ki\u1ec7n ph\u00f9 h\u1ee3p v\u1edbi nhu c\u1ea7u th\u1ef1c ti\u1ec5n, \u0111\u1ed3ng th\u1eddi l\u1ed3ng gh\u00e9p c\u00e1c <strong data-start=\"403\" data-end=\"460\">M\u1ee5c ti\u00eau Ph\u00e1t tri\u1ec3n B\u1ec1n v\u1eefng c\u1ee7a Li\u00ean H\u1ee3p Qu\u1ed1c (SDGs)<\/strong> nh\u1eb1m th\u00fac \u0111\u1ea9y s\u1ef1 ph\u00e1t tri\u1ec3n d\u00e0i h\u1ea1n.<\/p><p data-start=\"501\" data-end=\"911\"><strong data-start=\"501\" data-end=\"533\">Informa Markets Vi\u1ec7t Nam<\/strong> t\u1eadp trung v\u00e0o c\u00e1c l\u0129nh v\u1ef1c tr\u1ecdng \u0111i\u1ec3m nh\u01b0: <strong data-start=\"577\" data-end=\"684\">N\u00f4ng nghi\u1ec7p, N\u0103ng l\u01b0\u1ee3ng, Th\u1ef1c ph\u1ea9m &amp; \u0110\u1ed3 u\u1ed1ng, H\u1ea1 t\u1ea7ng, Phong c\u00e1ch s\u1ed1ng, S\u1ea3n xu\u1ea5t v\u00e0 Ch\u1ebf bi\u1ebfn &amp; \u0110\u00f3ng g\u00f3i<\/strong>. Danh m\u1ee5c th\u01b0\u01a1ng hi\u1ec7u s\u1ef1 ki\u1ec7n ti\u00eau bi\u1ec3u g\u1ed3m c\u00f3: Electric &amp; Power Vietnam, Food &amp; Hotel Vietnam (FHV), Machine Technology Asia (MTA), ProPak Vietnam, Renewable Energy Vietnam, VietBeauty &amp; Cosmobeaute, VietWater v\u00e0 VietStock.<\/p><p data-start=\"913\" data-end=\"1065\"><strong data-start=\"913\" data-end=\"945\">Informa Markets Vi\u1ec7t Nam<\/strong> c\u00f2n \u0111\u00f3ng vai tr\u00f2 <strong data-start=\"963\" data-end=\"1007\">k\u1ebft n\u1ed1i h\u00e0ng ngh\u00ecn doanh nghi\u1ec7p tham gia<\/strong>, v\u1edbi h\u01a1n <strong data-start=\"1017\" data-end=\"1054\">50.000 kh\u00e1ch tham quan th\u01b0\u01a1ng m\u1ea1i<\/strong> m\u1ed7i n\u0103m.<\/p>\t\t\t\t\t\t\t\t<\/div>\n\t\t\t\t<\/div>\n\t\t\t\t<\/div>\n\t\t\t\t<\/div>\n\t\t\t\t\t<\/details>\n\t\t\t\t\t\t<details id=\"e-n-accordion-item-4463\" class=\"e-n-accordion-item\" >\n\t\t\t\t<summary class=\"e-n-accordion-item-title\" data-accordion-index=\"4\" tabindex=\"-1\" aria-expanded=\"false\" aria-controls=\"e-n-accordion-item-4463\" >\n\t\t\t\t\t<span class='e-n-accordion-item-title-header'><div class=\"e-n-accordion-item-title-text\"> GI\u1ea2I TH\u01af\u1edeNG PH\u00c1T TRI\u1ec2N B\u1ec0N V\u1eeeNG <\/div><\/span>\n\t\t\t\t\t\t\t<span class='e-n-accordion-item-title-icon'>\n\t\t\t<span class='e-opened' ><svg aria-hidden=\"true\" class=\"e-font-icon-svg e-fas-chevron-up\" viewBox=\"0 0 448 512\" xmlns=\"http:\/\/www.w3.org\/2000\/svg\"><path d=\"M240.971 130.524l194.343 194.343c9.373 9.373 9.373 24.569 0 33.941l-22.667 22.667c-9.357 9.357-24.522 9.375-33.901.04L224 227.495 69.255 381.516c-9.379 9.335-24.544 9.317-33.901-.04l-22.667-22.667c-9.373-9.373-9.373-24.569 0-33.941L207.03 130.525c9.372-9.373 24.568-9.373 33.941-.001z\"><\/path><\/svg><\/span>\n\t\t\t<span class='e-closed'><svg aria-hidden=\"true\" class=\"e-font-icon-svg e-fas-chevron-down\" viewBox=\"0 0 448 512\" xmlns=\"http:\/\/www.w3.org\/2000\/svg\"><path d=\"M207.029 381.476L12.686 187.132c-9.373-9.373-9.373-24.569 0-33.941l22.667-22.667c9.357-9.357 24.522-9.375 33.901-.04L224 284.505l154.745-154.021c9.379-9.335 24.544-9.317 33.901.04l22.667 22.667c9.373 9.373 9.373 24.569 0 33.941L240.971 381.476c-9.373 9.372-24.569 9.372-33.942 0z\"><\/path><\/svg><\/span>\n\t\t<\/span>\n\n\t\t\t\t\t\t<\/summary>\n\t\t\t\t<div data-particle_enable=\"false\" data-particle-mobile-disabled=\"false\" role=\"region\" aria-labelledby=\"e-n-accordion-item-4463\" class=\"elementor-element elementor-element-02483e9 e-con-full e-flex e-con e-child\" data-id=\"02483e9\" data-element_type=\"container\" data-e-type=\"container\">\n\t\t<div data-particle_enable=\"false\" data-particle-mobile-disabled=\"false\" role=\"region\" aria-labelledby=\"e-n-accordion-item-4463\" class=\"elementor-element elementor-element-69cdc9c e-con-full e-flex e-con e-child\" data-id=\"69cdc9c\" data-element_type=\"container\" data-e-type=\"container\">\n\t\t\t\t<div class=\"elementor-element elementor-element-f52f573 mb-0 elementor-widget elementor-widget-text-editor\" data-id=\"f52f573\" data-element_type=\"widget\" data-e-type=\"widget\" data-widget_type=\"text-editor.default\">\n\t\t\t\t<div class=\"elementor-widget-container\">\n\t\t\t\t\t\t\t\t\t<p><img fetchpriority=\"high\" decoding=\"async\" class=\"alignleft wp-image-2498 size-large\" src=\"https:\/\/www.mtavietnam.com\/wp-content\/uploads\/2025\/08\/giai_thuong_ben_vung-1536x247-1-1024x165.png\" alt=\"\" width=\"1024\" height=\"165\" srcset=\"https:\/\/www.mtahanoi.com\/wp-content\/uploads\/2025\/08\/giai_thuong_ben_vung-1536x247-1-1024x165.png 1024w, https:\/\/www.mtahanoi.com\/wp-content\/uploads\/2025\/08\/giai_thuong_ben_vung-1536x247-1-300x48.png 300w, https:\/\/www.mtahanoi.com\/wp-content\/uploads\/2025\/08\/giai_thuong_ben_vung-1536x247-1-768x124.png 768w, https:\/\/www.mtahanoi.com\/wp-content\/uploads\/2025\/08\/giai_thuong_ben_vung-1536x247-1.png 1536w\" sizes=\"(max-width: 1024px) 100vw, 1024px\" \/><\/p><p>\u00a0<\/p><p><strong>Informa d\u1eabn \u0111\u1ea7u b\u1ea3ng x\u1ebfp h\u1ea1ng to\u00e0n c\u1ea7u trong l\u0129nh v\u1ef1c truy\u1ec1n th\u00f4ng to\u00e0n c\u1ea7u theo Ch\u1ec9 s\u1ed1 b\u1ec1n v\u1eefng Dow Jones 2022 uy t\u00edn.<\/strong><br \/>&gt;&gt; Xem th\u00eam:\u00a0<a href=\"https:\/\/www.informa.com\/media\/press-releases-news\/latest-news\/informa-achieves-top-global-ranking-in-media-sector-in-leading-esg-index\/\" target=\"_blank\" rel=\"noopener\" data-cke-saved-href=\"https:\/\/www.informa.com\/media\/press-releases-news\/latest-news\/informa-achieves-top-global-ranking-in-media-sector-in-leading-esg-index\/\">Informa achieves top global ranking in Media Sector in leading ESG Index<\/a><\/p><h4><img decoding=\"async\" class=\"alignnone wp-image-2496 size-medium\" src=\"https:\/\/www.mtavietnam.com\/wp-content\/uploads\/2025\/08\/dow_jones-700x306-1-300x131.jpg\" alt=\"\" width=\"300\" height=\"131\" srcset=\"https:\/\/www.mtahanoi.com\/wp-content\/uploads\/2025\/08\/dow_jones-700x306-1-300x131.jpg 300w, https:\/\/www.mtahanoi.com\/wp-content\/uploads\/2025\/08\/dow_jones-700x306-1.jpg 700w\" sizes=\"(max-width: 300px) 100vw, 300px\" \/><\/h4><p>T\u1ea5t c\u1ea3 c\u00e1c s\u1ef1 ki\u1ec7n c\u1ee7a Informa s\u1ebd \u0111\u01b0\u1ee3c t\u1ed5 ch\u1ee9c theo h\u01b0\u1edbng d\u1eabn c\u1ee7a ch\u00ednh ph\u1ee7 v\u00e0 c\u01a1 quan \u0111\u1ecba ph\u01b0\u01a1ng, c\u0169ng nh\u01b0 c\u00e1c quy \u0111\u1ecbnh c\u1ee5 th\u1ec3 c\u1ee7a t\u1eebng \u0111\u1ecba \u0111i\u1ec3m. T\u00ecm hi\u1ec3u th\u00eam v\u1ec1 <a href=\"https:\/\/www.informa.com\/about-us\/allsecure\/\" target=\"_blank\" rel=\"noopener\" data-cke-saved-href=\"https:\/\/www.informa.com\/about-us\/allsecure\/\">Informa AllSecure<\/a>.<\/p><p><img loading=\"lazy\" decoding=\"async\" class=\"alignnone wp-image-2494 size-medium\" src=\"https:\/\/www.mtavietnam.com\/wp-content\/uploads\/2025\/08\/secure-300x106.png\" alt=\"\" width=\"300\" height=\"106\" srcset=\"https:\/\/www.mtahanoi.com\/wp-content\/uploads\/2025\/08\/secure-300x106.png 300w, https:\/\/www.mtahanoi.com\/wp-content\/uploads\/2025\/08\/secure.png 512w\" sizes=\"(max-width: 300px) 100vw, 300px\" \/><\/p>\t\t\t\t\t\t\t\t<\/div>\n\t\t\t\t<\/div>\n\t\t\t\t<\/div>\n\t\t\t\t<\/div>\n\t\t\t\t\t<\/details>\n\t\t\t\t\t<\/div>\n\t\t\t\t\t\t<\/div>\n\t\t\t\t<\/div>\n\t\t\t\t\t<\/div>\n\t\t\t\t<\/div>\n\t\t\t\t<\/div>\n\t\t","protected":false},"excerpt":{"rendered":"<p>Home Page V\u1ec0 TRI\u1ec2N L\u00c3M N\u0102M NAY \u0110\u01b0\u1ee3c c\u00f4ng nh\u1eadn l\u00e0 n\u1ec1n t\u1ea3ng h\u00e0ng \u0111\u1ea7u v\u1ec1 c\u01a1 kh\u00ed ch\u00ednh x\u00e1c [&hellip;]<\/p>\n","protected":false},"author":1,"featured_media":0,"parent":0,"menu_order":0,"comment_status":"closed","ping_status":"closed","template":"elementor_header_footer","meta":{"site-sidebar-layout":"no-sidebar","site-content-layout":"","ast-site-content-layout":"full-width-container","site-content-style":"default","site-sidebar-style":"default","ast-global-header-display":"","ast-banner-title-visibility":"","ast-main-header-display":"","ast-hfb-above-header-display":"","ast-hfb-below-header-display":"","ast-hfb-mobile-header-display":"","site-post-title":"","ast-breadcrumbs-content":"","ast-featured-img":"disabled","footer-sml-layout":"","theme-transparent-header-meta":"","adv-header-id-meta":"","stick-header-meta":"","header-above-stick-meta":"","header-main-stick-meta":"","header-below-stick-meta":"","astra-migrate-meta-layouts":"set","ast-page-background-enabled":"default","ast-page-background-meta":{"desktop":{"background-color":"var(--ast-global-color-5)","background-image":"","background-repeat":"repeat","background-position":"center center","background-size":"auto","background-attachment":"scroll","background-type":"","background-media":"","overlay-type":"","overlay-color":"","overlay-opacity":"","overlay-gradient":""},"tablet":{"background-color":"","background-image":"","background-repeat":"repeat","background-position":"center center","background-size":"auto","background-attachment":"scroll","background-type":"","background-media":"","overlay-type":"","overlay-color":"","overlay-opacity":"","overlay-gradient":""},"mobile":{"background-color":"","background-image":"","background-repeat":"repeat","background-position":"center center","background-size":"auto","background-attachment":"scroll","background-type":"","background-media":"","overlay-type":"","overlay-color":"","overlay-opacity":"","overlay-gradient":""}},"ast-content-background-meta":{"desktop":{"background-color":"var(--ast-global-color-4)","background-image":"","background-repeat":"repeat","background-position":"center center","background-size":"auto","background-attachment":"scroll","background-type":"","background-media":"","overlay-type":"","overlay-color":"","overlay-opacity":"","overlay-gradient":""},"tablet":{"background-color":"var(--ast-global-color-4)","background-image":"","background-repeat":"repeat","background-position":"center center","background-size":"auto","background-attachment":"scroll","background-type":"","background-media":"","overlay-type":"","overlay-color":"","overlay-opacity":"","overlay-gradient":""},"mobile":{"background-color":"var(--ast-global-color-4)","background-image":"","background-repeat":"repeat","background-position":"center center","background-size":"auto","background-attachment":"scroll","background-type":"","background-media":"","overlay-type":"","overlay-color":"","overlay-opacity":"","overlay-gradient":""}},"footnotes":""},"class_list":["post-2388","page","type-page","status-publish","hentry"],"_links":{"self":[{"href":"https:\/\/www.mtahanoi.com\/vi\/wp-json\/wp\/v2\/pages\/2388","targetHints":{"allow":["GET"]}}],"collection":[{"href":"https:\/\/www.mtahanoi.com\/vi\/wp-json\/wp\/v2\/pages"}],"about":[{"href":"https:\/\/www.mtahanoi.com\/vi\/wp-json\/wp\/v2\/types\/page"}],"author":[{"embeddable":true,"href":"https:\/\/www.mtahanoi.com\/vi\/wp-json\/wp\/v2\/users\/1"}],"replies":[{"embeddable":true,"href":"https:\/\/www.mtahanoi.com\/vi\/wp-json\/wp\/v2\/comments?post=2388"}],"version-history":[{"count":0,"href":"https:\/\/www.mtahanoi.com\/vi\/wp-json\/wp\/v2\/pages\/2388\/revisions"}],"wp:attachment":[{"href":"https:\/\/www.mtahanoi.com\/vi\/wp-json\/wp\/v2\/media?parent=2388"}],"curies":[{"name":"wp","href":"https:\/\/api.w.org\/{rel}","templated":true}]}}