{"id":2412,"date":"2025-06-29T04:03:48","date_gmt":"2025-06-29T04:03:48","guid":{"rendered":"https:\/\/www.mtavietnam.com\/exhibitors-enewsletter\/"},"modified":"2025-10-08T02:53:56","modified_gmt":"2025-10-08T02:53:56","slug":"ban-tin-dien-tu-danh-cho-don-vi-trung-bay","status":"publish","type":"page","link":"https:\/\/www.mtahanoi.com\/vi\/ban-tin-dien-tu-danh-cho-don-vi-trung-bay\/","title":{"rendered":"B\u1ea3n tin \u0111i\u1ec7n t\u1eed d\u00e0nh cho \u0111\u01a1n v\u1ecb tr\u01b0ng b\u00e0y"},"content":{"rendered":"\t\t<div data-elementor-type=\"wp-page\" data-elementor-id=\"2412\" class=\"elementor elementor-2412 elementor-1120\" data-elementor-post-type=\"page\">\n\t\t\t\t<div data-particle_enable=\"false\" data-particle-mobile-disabled=\"false\" class=\"elementor-element elementor-element-f181c6d e-flex e-con-boxed e-con e-parent\" data-id=\"f181c6d\" data-element_type=\"container\" data-e-type=\"container\" data-settings=\"{&quot;background_background&quot;:&quot;classic&quot;}\">\n\t\t\t\t\t<div class=\"e-con-inner\">\n\t\t\t\t<div class=\"elementor-element elementor-element-e755580 elementor-widget elementor-widget-eael-breadcrumbs\" data-id=\"e755580\" data-element_type=\"widget\" data-e-type=\"widget\" data-widget_type=\"eael-breadcrumbs.default\">\n\t\t\t\t<div class=\"elementor-widget-container\">\n\t\t\t\t\t\t\t<div class=\"eael-breadcrumbs\">\n\t\t\t<div class=\"eael-breadcrumbs__content\"><a href=\"https:\/\/www.mtahanoi.com\/vi\/\">Home<\/a> <span class=\"eael-breadcrumb-separator\"><svg aria-hidden=\"true\" class=\"e-font-icon-svg e-fas-angle-double-right\" viewBox=\"0 0 448 512\" xmlns=\"http:\/\/www.w3.org\/2000\/svg\"><path d=\"M224.3 273l-136 136c-9.4 9.4-24.6 9.4-33.9 0l-22.6-22.6c-9.4-9.4-9.4-24.6 0-33.9l96.4-96.4-96.4-96.4c-9.4-9.4-9.4-24.6 0-33.9L54.3 103c9.4-9.4 24.6-9.4 33.9 0l136 136c9.5 9.4 9.5 24.6.1 34zm192-34l-136-136c-9.4-9.4-24.6-9.4-33.9 0l-22.6 22.6c-9.4 9.4-9.4 24.6 0 33.9l96.4 96.4-96.4 96.4c-9.4 9.4-9.4 24.6 0 33.9l22.6 22.6c9.4 9.4 24.6 9.4 33.9 0l136-136c9.4-9.2 9.4-24.4 0-33.8z\"><\/path><\/svg><\/span> <span class = \"eael-current\">Page<\/span><\/div>\t\t<\/div>\n\t\t\t\t\t\t<\/div>\n\t\t\t\t<\/div>\n\t\t\t\t\t<\/div>\n\t\t\t\t<\/div>\n\t\t<div data-particle_enable=\"false\" data-particle-mobile-disabled=\"false\" class=\"elementor-element elementor-element-95c77d9 e-con-full e-flex e-con e-parent\" data-id=\"95c77d9\" data-element_type=\"container\" data-e-type=\"container\">\n\t\t<div data-particle_enable=\"false\" data-particle-mobile-disabled=\"false\" class=\"elementor-element elementor-element-4ed2fcc e-flex e-con-boxed e-con e-child\" data-id=\"4ed2fcc\" data-element_type=\"container\" data-e-type=\"container\">\n\t\t\t\t\t<div class=\"e-con-inner\">\n\t\t\t\t<div class=\"elementor-element elementor-element-5306104 tabs-custom e-n-tabs-mobile elementor-widget elementor-widget-n-tabs\" data-id=\"5306104\" data-element_type=\"widget\" data-e-type=\"widget\" data-settings=\"{&quot;tabs_justify_horizontal&quot;:&quot;start&quot;,&quot;horizontal_scroll&quot;:&quot;disable&quot;}\" data-widget_type=\"nested-tabs.default\">\n\t\t\t\t<div class=\"elementor-widget-container\">\n\t\t\t\t\t\t\t<div class=\"e-n-tabs\" data-widget-number=\"87056644\" aria-label=\"Tabs. Open items with Enter or Space, close with Escape and navigate using the Arrow keys.\">\n\t\t\t<div class=\"e-n-tabs-heading\" role=\"tablist\">\n\t\t\t\t\t<button id=\"e-n-tab-title-870566441\" data-tab-title-id=\"e-n-tab-title-870566441\" class=\"e-n-tab-title\" aria-selected=\"true\" data-tab-index=\"1\" role=\"tab\" tabindex=\"0\" aria-controls=\"e-n-tab-content-870566441\" style=\"--n-tabs-title-order: 1;\">\n\t\t\t\t\t\t<span class=\"e-n-tab-title-text\">\n\t\t\t\t2024\t\t\t<\/span>\n\t\t<\/button>\n\t\t\t\t\t<\/div>\n\t\t\t<div class=\"e-n-tabs-content\">\n\t\t\t\t<div data-particle_enable=\"false\" data-particle-mobile-disabled=\"false\" id=\"e-n-tab-content-870566441\" role=\"tabpanel\" aria-labelledby=\"e-n-tab-title-870566441\" data-tab-index=\"1\" style=\"--n-tabs-title-order: 1;\" class=\"e-active elementor-element elementor-element-4cec639 e-con-full e-flex e-con e-child\" data-id=\"4cec639\" data-element_type=\"container\" data-e-type=\"container\">\n\t\t\t\t<div class=\"elementor-element elementor-element-393c172 elementor-widget elementor-widget-ucaddon_enewsletters\" data-id=\"393c172\" data-element_type=\"widget\" data-e-type=\"widget\" data-widget_type=\"ucaddon_enewsletters.default\">\n\t\t\t\t<div class=\"elementor-widget-container\">\n\t\t\t\t\t\n<!-- start eNewsletters -->\n\n<div class=\"group-eNewsletter\">\n  <a class=\"items-eNewsletter\" href=\"https:\/\/emarketing.mtahanoi.com\/q\/12fHAYHkp5us9\/wv\" target=\"_blank\">\n  <div class=\"date-eNewsletter\">2024-09-10<\/div>\n  <div class=\"title-eNewsletter\">Th\u00f4ng b\u00e1o: LeadGrab by Informa d\u00e0nh cho \u0111\u01a1n v\u1ecb tr\u01b0ng b\u00e0y\t\t<\/div>\n<\/a>\n<a class=\"items-eNewsletter\" href=\"https:\/\/emarketing.mtahanoi.com\/q\/12fHARHw8wFdx\/wv\" target=\"_blank\">\n  <div class=\"date-eNewsletter\">2024-08-07<\/div>\n  <div class=\"title-eNewsletter\">Kh\u00e1m ph\u00e1 Khu Tr\u01b0ng B\u00e0y T\u1ef1 \u0110\u1ed9ng H\u00f3a v\u00e0 Robot - VINRA @MTA HANOI 2024<\/div>\n<\/a>\n<a class=\"items-eNewsletter\" href=\"https:\/\/emarketing.mtahanoi.com\/q\/12fHAQvxCcD0t\/wv\" target=\"_blank\">\n  <div class=\"date-eNewsletter\">2024-07-30<\/div>\n  <div class=\"title-eNewsletter\">C\u01a1 h\u1ed9i tr\u01b0ng b\u00e0y t\u1ea1i khu gian h\u00e0ng SME @MTA HANOI 2024<\/div>\n<\/a>\n<a class=\"items-eNewsletter\" href=\"https:\/\/emarketing.mtahanoi.com\/q\/12fHANga5k5qU\/wv\" target=\"_blank\">\n  <div class=\"date-eNewsletter\">2024-07-09<\/div>\n  <div class=\"title-eNewsletter\">MTA HANOI 2024 s\u1ebd tr\u1edf l\u1ea1i - Ph\u1ee5c v\u1ee5 ng\u00e0nh c\u01a1 kh\u00ed ch\u00ednh x\u00e1c v\u00e0 s\u1ea3n xu\u1ea5t ch\u1ebf t\u1ea1o t\u1ea1i Mi\u1ec1n B\u1eafc<\/div>\n<\/a>\n\n<\/div>\n<!-- end eNewsletters -->\t\t\t\t<\/div>\n\t\t\t\t<\/div>\n\t\t\t\t<\/div>\n\t\t\t\t\t<\/div>\n\t\t<\/div>\n\t\t\t\t\t\t<\/div>\n\t\t\t\t<\/div>\n\t\t\t\t\t<\/div>\n\t\t\t\t<\/div>\n\t\t\t\t<\/div>\n\t\t\t\t<\/div>\n\t\t","protected":false},"excerpt":{"rendered":"<p>Home Page 2024 2024-09-10 Th\u00f4ng b\u00e1o: LeadGrab by Informa d\u00e0nh cho \u0111\u01a1n v\u1ecb tr\u01b0ng b\u00e0y 2024-08-07 Kh\u00e1m ph\u00e1 Khu Tr\u01b0ng [&hellip;]<\/p>\n","protected":false},"author":1,"featured_media":0,"parent":0,"menu_order":10,"comment_status":"closed","ping_status":"closed","template":"elementor_header_footer","meta":{"site-sidebar-layout":"no-sidebar","site-content-layout":"","ast-site-content-layout":"full-width-container","site-content-style":"default","site-sidebar-style":"default","ast-global-header-display":"","ast-banner-title-visibility":"","ast-main-header-display":"","ast-hfb-above-header-display":"","ast-hfb-below-header-display":"","ast-hfb-mobile-header-display":"","site-post-title":"","ast-breadcrumbs-content":"","ast-featured-img":"disabled","footer-sml-layout":"","theme-transparent-header-meta":"","adv-header-id-meta":"","stick-header-meta":"","header-above-stick-meta":"","header-main-stick-meta":"","header-below-stick-meta":"","astra-migrate-meta-layouts":"set","ast-page-background-enabled":"default","ast-page-background-meta":{"desktop":{"background-color":"var(--ast-global-color-5)","background-image":"","background-repeat":"repeat","background-position":"center center","background-size":"auto","background-attachment":"scroll","background-type":"","background-media":"","overlay-type":"","overlay-color":"","overlay-opacity":"","overlay-gradient":""},"tablet":{"background-color":"","background-image":"","background-repeat":"repeat","background-position":"center center","background-size":"auto","background-attachment":"scroll","background-type":"","background-media":"","overlay-type":"","overlay-color":"","overlay-opacity":"","overlay-gradient":""},"mobile":{"background-color":"","background-image":"","background-repeat":"repeat","background-position":"center center","background-size":"auto","background-attachment":"scroll","background-type":"","background-media":"","overlay-type":"","overlay-color":"","overlay-opacity":"","overlay-gradient":""}},"ast-content-background-meta":{"desktop":{"background-color":"var(--ast-global-color-4)","background-image":"","background-repeat":"repeat","background-position":"center center","background-size":"auto","background-attachment":"scroll","background-type":"","background-media":"","overlay-type":"","overlay-color":"","overlay-opacity":"","overlay-gradient":""},"tablet":{"background-color":"var(--ast-global-color-4)","background-image":"","background-repeat":"repeat","background-position":"center center","background-size":"auto","background-attachment":"scroll","background-type":"","background-media":"","overlay-type":"","overlay-color":"","overlay-opacity":"","overlay-gradient":""},"mobile":{"background-color":"var(--ast-global-color-4)","background-image":"","background-repeat":"repeat","background-position":"center center","background-size":"auto","background-attachment":"scroll","background-type":"","background-media":"","overlay-type":"","overlay-color":"","overlay-opacity":"","overlay-gradient":""}},"footnotes":""},"class_list":["post-2412","page","type-page","status-publish","hentry"],"_links":{"self":[{"href":"https:\/\/www.mtahanoi.com\/vi\/wp-json\/wp\/v2\/pages\/2412","targetHints":{"allow":["GET"]}}],"collection":[{"href":"https:\/\/www.mtahanoi.com\/vi\/wp-json\/wp\/v2\/pages"}],"about":[{"href":"https:\/\/www.mtahanoi.com\/vi\/wp-json\/wp\/v2\/types\/page"}],"author":[{"embeddable":true,"href":"https:\/\/www.mtahanoi.com\/vi\/wp-json\/wp\/v2\/users\/1"}],"replies":[{"embeddable":true,"href":"https:\/\/www.mtahanoi.com\/vi\/wp-json\/wp\/v2\/comments?post=2412"}],"version-history":[{"count":0,"href":"https:\/\/www.mtahanoi.com\/vi\/wp-json\/wp\/v2\/pages\/2412\/revisions"}],"wp:attachment":[{"href":"https:\/\/www.mtahanoi.com\/vi\/wp-json\/wp\/v2\/media?parent=2412"}],"curies":[{"name":"wp","href":"https:\/\/api.w.org\/{rel}","templated":true}]}}